{"id":34,"date":"2023-09-05T10:53:28","date_gmt":"2023-09-05T10:53:28","guid":{"rendered":"https:\/\/talleresmelcar.com\/?page_id=34"},"modified":"2023-11-10T13:05:24","modified_gmt":"2023-11-10T13:05:24","slug":"taller-de-mecanica-en-lardero","status":"publish","type":"page","link":"https:\/\/talleresmelcar.com\/index.php\/taller-de-mecanica-en-lardero\/","title":{"rendered":"Mec\u00e1nica"},"content":{"rendered":"\n<figure class=\"wp-block-image size-full\"><img loading=\"lazy\" decoding=\"async\" width=\"1000\" height=\"750\" src=\"https:\/\/talleresmelcar.com\/wp-content\/uploads\/2023\/09\/IMG_20230810_104113.png\" alt=\"Coche en el elevador y un mec\u00e1nico, Taller de Mec\u00e1nica en Lardero\" class=\"wp-image-44\" srcset=\"https:\/\/talleresmelcar.com\/wp-content\/uploads\/2023\/09\/IMG_20230810_104113.png 1000w, https:\/\/talleresmelcar.com\/wp-content\/uploads\/2023\/09\/IMG_20230810_104113-300x225.png 300w, https:\/\/talleresmelcar.com\/wp-content\/uploads\/2023\/09\/IMG_20230810_104113-768x576.png 768w\" sizes=\"auto, (max-width: 767px) 89vw, (max-width: 1000px) 54vw, (max-width: 1071px) 543px, 580px\" \/><\/figure>\n\n\n\n<div style=\"height:50px\" aria-hidden=\"true\" class=\"wp-block-spacer\"><\/div>\n\n\n\n<div class=\"wp-block-columns is-layout-flex wp-container-core-columns-is-layout-1 wp-block-columns-is-layout-flex\">\n<div class=\"wp-block-column is-layout-flow wp-block-column-is-layout-flow\">\n<p>El equipo de t\u00e9cnicos expertos del taller de mec\u00e1nica en Lardero de Melcar 8A, ofrece un servicio excepcional que garantiza el m\u00e1ximo rendimiento y seguridad de tu veh\u00edculo.<\/p>\n<p>Utilizamos tecnolog\u00eda de vanguardia y herramientas avanzadas para diagnosticar y solucionar aver\u00edas de manera eficiente, asegurando que cada veh\u00edculo vuelva a la carretera en perfectas condiciones.<\/p>\n<\/div>\n\n\n\n<div class=\"wp-block-column is-layout-flow wp-block-column-is-layout-flow\">\n<p>La calidad es nuestra prioridad, por eso utilizamos repuestos y componentes originales para mantener la integridad de tu veh\u00edculo y prolongar su vida \u00fatil. Adem\u00e1s, entendemos la importancia de tu tiempo y te ofrecemos un servicio r\u00e1pido sin comprometer la calidad.<\/p>\n<p>Trabajamos con todas las marcas y con la maquinaria y el equipamiento m\u00e1s avanzado, para conseguir un 100% de satisfacci\u00f3n y garant\u00eda en todos los servicios.\u00a0<\/p>\n<p>Tu taller de mec\u00e1nica en Lardero.<\/p>\n<\/div>\n<\/div>\n\n\n\n<div style=\"height:50px\" aria-hidden=\"true\" class=\"wp-block-spacer\"><\/div>\n\n\n\n<figure class=\"imagenmargen wp-block-image size-large is-style-default\"><img decoding=\"async\" src=\"https:\/\/talleresmelcar.com\/wp-content\/uploads\/2023\/09\/30-1.png\" alt=\"imagen de ejemple\" class=\"imagenfull wp-image-53\"\/><\/figure>\n\n\n\n<div style=\"height:50px\" aria-hidden=\"true\" class=\"wp-block-spacer\"><\/div>\n\n\n\n<div class=\"wp-block-columns is-layout-flex wp-container-core-columns-is-layout-2 wp-block-columns-is-layout-flex\">\n<div class=\"wp-block-column is-layout-flow wp-block-column-is-layout-flow\">\n<p><strong>\u2022 Reemplazo e instalaci\u00f3n de piezas da\u00f1adas<\/strong><br \/><strong>\u2022 Limpieza interna y externa del motor<\/strong><br \/><strong>\u2022 Culatas<\/strong><br \/><strong>\u2022 Turbo<\/strong><br \/><strong>\u2022 Inyecci\u00f3n<\/strong><br \/><strong>\u2022 Frenos<\/strong><br \/><strong>\u2022 Filtros (aceite, aire, combustible, habit\u00e1culo, part\u00edculas)<\/strong><br \/><strong>\u2022 Alineaci\u00f3n de ruedas<\/strong><br \/><strong>\u2022 Reparaci\u00f3n de pinchazos<\/strong><br \/><strong>\u2022 Sistemas de suspensi\u00f3n<\/strong><br \/><strong>\u2022 Aire acondicionado y calefacci\u00f3n<\/strong><\/p>\n<\/div>\n\n\n\n<div class=\"wp-block-column is-layout-flow wp-block-column-is-layout-flow\">\n<p><strong>\u2022 Asientos<\/strong><br \/><strong>\u2022 Parabrisas, lunas y espejos<\/strong><br \/><strong>\u2022 Control de direcci\u00f3n<\/strong><br \/><strong>\u2022 Cajas de cambios y cambios autom\u00e1ticos<\/strong><br \/><strong>\u2022 Escapes<\/strong><br \/><strong>\u2022 Motos de arranque<\/strong><br \/><strong>\u2022 Alternador<\/strong><br \/><strong>\u2022 V\u00e1lvulas EGR y gases<\/strong><br \/><strong>\u2022 Refrigeraci\u00f3n<\/strong><br \/><strong>\u2022 Sistemas de seguridad: airbag y cinturones<\/strong><\/p>\n<\/div>\n<\/div>\n","protected":false},"excerpt":{"rendered":"<p>El equipo de t\u00e9cnicos expertos del taller de mec\u00e1nica en Lardero de Melcar 8A, ofrece un servicio excepcional que garantiza el m\u00e1ximo rendimiento y seguridad de tu veh\u00edculo. Utilizamos tecnolog\u00eda de vanguardia y herramientas avanzadas para diagnosticar y solucionar aver\u00edas de manera eficiente, asegurando que cada veh\u00edculo vuelva a la carretera en perfectas condiciones. La &hellip; <\/p>\n<p class=\"link-more\"><a href=\"https:\/\/talleresmelcar.com\/index.php\/taller-de-mecanica-en-lardero\/\" class=\"more-link\">Continuar leyendo<span class=\"screen-reader-text\"> \u00abMec\u00e1nica\u00bb<\/span><\/a><\/p>\n","protected":false},"author":1,"featured_media":0,"parent":0,"menu_order":0,"comment_status":"closed","ping_status":"closed","template":"","meta":{"footnotes":""},"class_list":["post-34","page","type-page","status-publish","hentry"],"yoast_head":"<!-- This site is optimized with the Yoast SEO plugin v24.2 - https:\/\/yoast.com\/wordpress\/plugins\/seo\/ -->\n<title>Taller de Mec\u00e1nica en Lardero | Tallleres Melcar<\/title>\n<meta name=\"description\" content=\"Taller de Mec\u00e1nica en Lardero. El equipo de t\u00e9cnicos expertos del taller de mec\u00e1nica de Melcar 8A, ofrece un servicio excepcional.\" \/>\n<meta name=\"robots\" content=\"index, follow, max-snippet:-1, max-image-preview:large, max-video-preview:-1\" \/>\n<link rel=\"canonical\" href=\"https:\/\/talleresmelcar.com\/index.php\/taller-de-mecanica-en-lardero\/\" \/>\n<meta property=\"og:locale\" content=\"es_ES\" \/>\n<meta property=\"og:type\" content=\"article\" \/>\n<meta property=\"og:title\" content=\"Taller de Mec\u00e1nica en Lardero | Tallleres Melcar\" \/>\n<meta property=\"og:description\" content=\"Taller de Mec\u00e1nica en Lardero. El equipo de t\u00e9cnicos expertos del taller de mec\u00e1nica de Melcar 8A, ofrece un servicio excepcional.\" \/>\n<meta property=\"og:url\" content=\"https:\/\/talleresmelcar.com\/index.php\/taller-de-mecanica-en-lardero\/\" \/>\n<meta property=\"og:site_name\" content=\"Talleres Melcar\" \/>\n<meta property=\"article:modified_time\" content=\"2023-11-10T13:05:24+00:00\" \/>\n<meta property=\"og:image\" content=\"https:\/\/talleresmelcar.com\/wp-content\/uploads\/2023\/09\/IMG_20230810_104113.png\" \/>\n<meta name=\"twitter:card\" content=\"summary_large_image\" \/>\n<meta name=\"twitter:label1\" content=\"Tiempo de lectura\" \/>\n\t<meta name=\"twitter:data1\" content=\"2 minutos\" \/>\n<script type=\"application\/ld+json\" class=\"yoast-schema-graph\">{\"@context\":\"https:\/\/schema.org\",\"@graph\":[{\"@type\":\"WebPage\",\"@id\":\"https:\/\/talleresmelcar.com\/index.php\/taller-de-mecanica-en-lardero\/\",\"url\":\"https:\/\/talleresmelcar.com\/index.php\/taller-de-mecanica-en-lardero\/\",\"name\":\"Taller de Mec\u00e1nica en Lardero | Tallleres Melcar\",\"isPartOf\":{\"@id\":\"https:\/\/talleresmelcar.com\/#website\"},\"primaryImageOfPage\":{\"@id\":\"https:\/\/talleresmelcar.com\/index.php\/taller-de-mecanica-en-lardero\/#primaryimage\"},\"image\":{\"@id\":\"https:\/\/talleresmelcar.com\/index.php\/taller-de-mecanica-en-lardero\/#primaryimage\"},\"thumbnailUrl\":\"https:\/\/talleresmelcar.com\/wp-content\/uploads\/2023\/09\/IMG_20230810_104113.png\",\"datePublished\":\"2023-09-05T10:53:28+00:00\",\"dateModified\":\"2023-11-10T13:05:24+00:00\",\"description\":\"Taller de Mec\u00e1nica en Lardero. El equipo de t\u00e9cnicos expertos del taller de mec\u00e1nica de Melcar 8A, ofrece un servicio excepcional.\",\"breadcrumb\":{\"@id\":\"https:\/\/talleresmelcar.com\/index.php\/taller-de-mecanica-en-lardero\/#breadcrumb\"},\"inLanguage\":\"es\",\"potentialAction\":[{\"@type\":\"ReadAction\",\"target\":[\"https:\/\/talleresmelcar.com\/index.php\/taller-de-mecanica-en-lardero\/\"]}]},{\"@type\":\"ImageObject\",\"inLanguage\":\"es\",\"@id\":\"https:\/\/talleresmelcar.com\/index.php\/taller-de-mecanica-en-lardero\/#primaryimage\",\"url\":\"https:\/\/talleresmelcar.com\/wp-content\/uploads\/2023\/09\/IMG_20230810_104113.png\",\"contentUrl\":\"https:\/\/talleresmelcar.com\/wp-content\/uploads\/2023\/09\/IMG_20230810_104113.png\",\"width\":1000,\"height\":750},{\"@type\":\"BreadcrumbList\",\"@id\":\"https:\/\/talleresmelcar.com\/index.php\/taller-de-mecanica-en-lardero\/#breadcrumb\",\"itemListElement\":[{\"@type\":\"ListItem\",\"position\":1,\"name\":\"Portada\",\"item\":\"https:\/\/talleresmelcar.com\/\"},{\"@type\":\"ListItem\",\"position\":2,\"name\":\"Mec\u00e1nica\"}]},{\"@type\":\"WebSite\",\"@id\":\"https:\/\/talleresmelcar.com\/#website\",\"url\":\"https:\/\/talleresmelcar.com\/\",\"name\":\"Talleres Melcar\",\"description\":\"\",\"publisher\":{\"@id\":\"https:\/\/talleresmelcar.com\/#organization\"},\"potentialAction\":[{\"@type\":\"SearchAction\",\"target\":{\"@type\":\"EntryPoint\",\"urlTemplate\":\"https:\/\/talleresmelcar.com\/?s={search_term_string}\"},\"query-input\":{\"@type\":\"PropertyValueSpecification\",\"valueRequired\":true,\"valueName\":\"search_term_string\"}}],\"inLanguage\":\"es\"},{\"@type\":\"Organization\",\"@id\":\"https:\/\/talleresmelcar.com\/#organization\",\"name\":\"Talleres Melcar\",\"url\":\"https:\/\/talleresmelcar.com\/\",\"logo\":{\"@type\":\"ImageObject\",\"inLanguage\":\"es\",\"@id\":\"https:\/\/talleresmelcar.com\/#\/schema\/logo\/image\/\",\"url\":\"https:\/\/talleresmelcar.com\/wp-content\/uploads\/2023\/09\/cropped-logo.png\",\"contentUrl\":\"https:\/\/talleresmelcar.com\/wp-content\/uploads\/2023\/09\/cropped-logo.png\",\"width\":618,\"height\":250,\"caption\":\"Talleres Melcar\"},\"image\":{\"@id\":\"https:\/\/talleresmelcar.com\/#\/schema\/logo\/image\/\"}}]}<\/script>\n<!-- \/ Yoast SEO plugin. -->","yoast_head_json":{"title":"Taller de Mec\u00e1nica en Lardero | Tallleres Melcar","description":"Taller de Mec\u00e1nica en Lardero. El equipo de t\u00e9cnicos expertos del taller de mec\u00e1nica de Melcar 8A, ofrece un servicio excepcional.","robots":{"index":"index","follow":"follow","max-snippet":"max-snippet:-1","max-image-preview":"max-image-preview:large","max-video-preview":"max-video-preview:-1"},"canonical":"https:\/\/talleresmelcar.com\/index.php\/taller-de-mecanica-en-lardero\/","og_locale":"es_ES","og_type":"article","og_title":"Taller de Mec\u00e1nica en Lardero | Tallleres Melcar","og_description":"Taller de Mec\u00e1nica en Lardero. El equipo de t\u00e9cnicos expertos del taller de mec\u00e1nica de Melcar 8A, ofrece un servicio excepcional.","og_url":"https:\/\/talleresmelcar.com\/index.php\/taller-de-mecanica-en-lardero\/","og_site_name":"Talleres Melcar","article_modified_time":"2023-11-10T13:05:24+00:00","og_image":[{"url":"https:\/\/talleresmelcar.com\/wp-content\/uploads\/2023\/09\/IMG_20230810_104113.png","type":"","width":"","height":""}],"twitter_card":"summary_large_image","twitter_misc":{"Tiempo de lectura":"2 minutos"},"schema":{"@context":"https:\/\/schema.org","@graph":[{"@type":"WebPage","@id":"https:\/\/talleresmelcar.com\/index.php\/taller-de-mecanica-en-lardero\/","url":"https:\/\/talleresmelcar.com\/index.php\/taller-de-mecanica-en-lardero\/","name":"Taller de Mec\u00e1nica en Lardero | Tallleres Melcar","isPartOf":{"@id":"https:\/\/talleresmelcar.com\/#website"},"primaryImageOfPage":{"@id":"https:\/\/talleresmelcar.com\/index.php\/taller-de-mecanica-en-lardero\/#primaryimage"},"image":{"@id":"https:\/\/talleresmelcar.com\/index.php\/taller-de-mecanica-en-lardero\/#primaryimage"},"thumbnailUrl":"https:\/\/talleresmelcar.com\/wp-content\/uploads\/2023\/09\/IMG_20230810_104113.png","datePublished":"2023-09-05T10:53:28+00:00","dateModified":"2023-11-10T13:05:24+00:00","description":"Taller de Mec\u00e1nica en Lardero. El equipo de t\u00e9cnicos expertos del taller de mec\u00e1nica de Melcar 8A, ofrece un servicio excepcional.","breadcrumb":{"@id":"https:\/\/talleresmelcar.com\/index.php\/taller-de-mecanica-en-lardero\/#breadcrumb"},"inLanguage":"es","potentialAction":[{"@type":"ReadAction","target":["https:\/\/talleresmelcar.com\/index.php\/taller-de-mecanica-en-lardero\/"]}]},{"@type":"ImageObject","inLanguage":"es","@id":"https:\/\/talleresmelcar.com\/index.php\/taller-de-mecanica-en-lardero\/#primaryimage","url":"https:\/\/talleresmelcar.com\/wp-content\/uploads\/2023\/09\/IMG_20230810_104113.png","contentUrl":"https:\/\/talleresmelcar.com\/wp-content\/uploads\/2023\/09\/IMG_20230810_104113.png","width":1000,"height":750},{"@type":"BreadcrumbList","@id":"https:\/\/talleresmelcar.com\/index.php\/taller-de-mecanica-en-lardero\/#breadcrumb","itemListElement":[{"@type":"ListItem","position":1,"name":"Portada","item":"https:\/\/talleresmelcar.com\/"},{"@type":"ListItem","position":2,"name":"Mec\u00e1nica"}]},{"@type":"WebSite","@id":"https:\/\/talleresmelcar.com\/#website","url":"https:\/\/talleresmelcar.com\/","name":"Talleres Melcar","description":"","publisher":{"@id":"https:\/\/talleresmelcar.com\/#organization"},"potentialAction":[{"@type":"SearchAction","target":{"@type":"EntryPoint","urlTemplate":"https:\/\/talleresmelcar.com\/?s={search_term_string}"},"query-input":{"@type":"PropertyValueSpecification","valueRequired":true,"valueName":"search_term_string"}}],"inLanguage":"es"},{"@type":"Organization","@id":"https:\/\/talleresmelcar.com\/#organization","name":"Talleres Melcar","url":"https:\/\/talleresmelcar.com\/","logo":{"@type":"ImageObject","inLanguage":"es","@id":"https:\/\/talleresmelcar.com\/#\/schema\/logo\/image\/","url":"https:\/\/talleresmelcar.com\/wp-content\/uploads\/2023\/09\/cropped-logo.png","contentUrl":"https:\/\/talleresmelcar.com\/wp-content\/uploads\/2023\/09\/cropped-logo.png","width":618,"height":250,"caption":"Talleres Melcar"},"image":{"@id":"https:\/\/talleresmelcar.com\/#\/schema\/logo\/image\/"}}]}},"_links":{"self":[{"href":"https:\/\/talleresmelcar.com\/index.php\/wp-json\/wp\/v2\/pages\/34","targetHints":{"allow":["GET"]}}],"collection":[{"href":"https:\/\/talleresmelcar.com\/index.php\/wp-json\/wp\/v2\/pages"}],"about":[{"href":"https:\/\/talleresmelcar.com\/index.php\/wp-json\/wp\/v2\/types\/page"}],"author":[{"embeddable":true,"href":"https:\/\/talleresmelcar.com\/index.php\/wp-json\/wp\/v2\/users\/1"}],"replies":[{"embeddable":true,"href":"https:\/\/talleresmelcar.com\/index.php\/wp-json\/wp\/v2\/comments?post=34"}],"version-history":[{"count":13,"href":"https:\/\/talleresmelcar.com\/index.php\/wp-json\/wp\/v2\/pages\/34\/revisions"}],"predecessor-version":[{"id":272,"href":"https:\/\/talleresmelcar.com\/index.php\/wp-json\/wp\/v2\/pages\/34\/revisions\/272"}],"wp:attachment":[{"href":"https:\/\/talleresmelcar.com\/index.php\/wp-json\/wp\/v2\/media?parent=34"}],"curies":[{"name":"wp","href":"https:\/\/api.w.org\/{rel}","templated":true}]}}