{"id":47,"date":"2023-09-05T12:04:12","date_gmt":"2023-09-05T12:04:12","guid":{"rendered":"https:\/\/talleresmelcar.com\/?page_id=47"},"modified":"2024-10-11T12:06:52","modified_gmt":"2024-10-11T12:06:52","slug":"electricidad","status":"publish","type":"page","link":"https:\/\/talleresmelcar.com\/index.php\/electricidad\/","title":{"rendered":"Electricidad"},"content":{"rendered":"\n<figure class=\"wp-block-image size-full\"><img loading=\"lazy\" decoding=\"async\" width=\"1000\" height=\"750\" src=\"https:\/\/talleresmelcar.com\/wp-content\/uploads\/2023\/09\/electricidad3.jpg\" alt=\"Mec\u00e1nico en el interior del coche\" class=\"wp-image-49\" srcset=\"https:\/\/talleresmelcar.com\/wp-content\/uploads\/2023\/09\/electricidad3.jpg 1000w, https:\/\/talleresmelcar.com\/wp-content\/uploads\/2023\/09\/electricidad3-300x225.jpg 300w, https:\/\/talleresmelcar.com\/wp-content\/uploads\/2023\/09\/electricidad3-768x576.jpg 768w\" sizes=\"auto, (max-width: 767px) 89vw, (max-width: 1000px) 54vw, (max-width: 1071px) 543px, 580px\" \/><\/figure>\n\n\n\n<div style=\"height:45px\" aria-hidden=\"true\" class=\"wp-block-spacer\"><\/div>\n\n\n\n<div class=\"wp-block-columns is-layout-flex wp-container-core-columns-is-layout-1 wp-block-columns-is-layout-flex\">\n<div class=\"wp-block-column is-layout-flow wp-block-column-is-layout-flow\">\n<p>En Talleres Melcar 8A estamos especializados en la reparaci\u00f3n y mantenimiento del sistema el\u00e9ctrico y electr\u00f3nico del autom\u00f3vil.<\/p>\n<p>El sistema el\u00e9ctrico del autom\u00f3vil es el responsable del buen funcionamiento del coche, pues realiza acciones tan importantes como el arranque del motor, el suministro de la energ\u00eda, el encendido de luces y elevalunas, entre muchas otras funciones.\u00a0<\/p>\n<\/div>\n\n\n\n<div class=\"wp-block-column is-layout-flow wp-block-column-is-layout-flow\">\n<p>Actualmente, la complejidad de los sistemas el\u00e9ctricos de los coches ha aumentado much\u00edsimo, con el objetivo de satisfacer nuestras necesidades tecnol\u00f3gicas, que aumentan d\u00eda a d\u00eda. Adem\u00e1s, la introducci\u00f3n de motores el\u00e9ctricos est\u00e1 transformando el concepto del autom\u00f3vil mec\u00e1nico en autom\u00f3vil el\u00e9ctrico.<\/p>\n<p>Nosotros nos encargamos de cualquier aver\u00eda del sistema el\u00e9ctrico y electr\u00f3nico de tu veh\u00edculo. Contamos con eficaces profesionales de la electr\u00f3nica y electricidad de coches con t\u00e9cnicas y maquinaria de \u00faltima generaci\u00f3n.<\/p>\n<\/div>\n<\/div>\n\n\n\n<div style=\"height:45px\" aria-hidden=\"true\" class=\"wp-block-spacer\"><\/div>\n\n\n\n<figure class=\"imagenmargen wp-block-image size-large is-style-default\"><img decoding=\"async\" src=\"https:\/\/talleresmelcar.com\/wp-content\/uploads\/2023\/09\/60-e1694519669693.png\" alt=\"Mec\u00e1nico revisando la bater\u00eda\" class=\"imagenfull wp-image-53\"\/><\/figure>\n\n\n\n<div style=\"height:45px\" aria-hidden=\"true\" class=\"wp-block-spacer\"><\/div>\n\n\n<p><strong>\u2022 Diagn\u00f3sticos electr\u00f3nicos<\/strong><br \/><strong>\u2022 Revisi\u00f3n de bater\u00eda y el sistema el\u00e9ctrico en general<\/strong><br \/><strong>\u2022 Alumbrado del veh\u00edculo<\/strong><br \/><strong>\u2022 Instalaci\u00f3n de sistemas de multimedia y navegaci\u00f3n<\/strong><br \/><strong>\u2022 Elevalunas<\/strong><br \/><strong>\u2022 Limpiaparabrisas<\/strong><br \/><strong>\u2022 Sensores de luz<\/strong><br \/><strong>\u2022 Sensores de lluvia<\/strong><br \/><strong>\u2022 Sensores y c\u00e1maras de aparcamiento<\/strong><br \/><strong>\u2022 Sistemas y asistentes a la conducci\u00f3n<\/strong><br \/><strong>\u2022 Cierre centralizado<\/strong><br \/><strong>\u2022 Testigos de aver\u00edas<\/strong><br \/><strong>\u2022 Motores h\u00edbridos \/ el\u00e9ctricos<\/strong><\/p>\n\n\n<div style=\"height:45px\" aria-hidden=\"true\" class=\"wp-block-spacer\"><\/div>\n\n\n\n<figure class=\"wp-block-image size-full\"><img loading=\"lazy\" decoding=\"async\" width=\"1000\" height=\"666\" src=\"https:\/\/talleresmelcar.com\/wp-content\/uploads\/2023\/09\/electricidad4.jpg\" alt=\"Mec\u00e1nico cambiando el faro de  un coche\" class=\"wp-image-54\" srcset=\"https:\/\/talleresmelcar.com\/wp-content\/uploads\/2023\/09\/electricidad4.jpg 1000w, https:\/\/talleresmelcar.com\/wp-content\/uploads\/2023\/09\/electricidad4-300x200.jpg 300w, https:\/\/talleresmelcar.com\/wp-content\/uploads\/2023\/09\/electricidad4-768x511.jpg 768w\" sizes=\"auto, (max-width: 767px) 89vw, (max-width: 1000px) 54vw, (max-width: 1071px) 543px, 580px\" \/><\/figure>\n","protected":false},"excerpt":{"rendered":"<p>En Talleres Melcar 8A estamos especializados en la reparaci\u00f3n y mantenimiento del sistema el\u00e9ctrico y electr\u00f3nico del autom\u00f3vil. El sistema el\u00e9ctrico del autom\u00f3vil es el responsable del buen funcionamiento del coche, pues realiza acciones tan importantes como el arranque del motor, el suministro de la energ\u00eda, el encendido de luces y elevalunas, entre muchas otras &hellip; <\/p>\n<p class=\"link-more\"><a href=\"https:\/\/talleresmelcar.com\/index.php\/electricidad\/\" class=\"more-link\">Continuar leyendo<span class=\"screen-reader-text\"> \u00abElectricidad\u00bb<\/span><\/a><\/p>\n","protected":false},"author":1,"featured_media":0,"parent":0,"menu_order":0,"comment_status":"closed","ping_status":"closed","template":"","meta":{"footnotes":""},"class_list":["post-47","page","type-page","status-publish","hentry"],"yoast_head":"<!-- This site is optimized with the Yoast SEO plugin v24.2 - https:\/\/yoast.com\/wordpress\/plugins\/seo\/ -->\n<title>Taller de electricidad del autom\u00f3vil en Lardero<\/title>\n<meta name=\"description\" content=\"En Talleres Melcar 8A estamos especializados en la reparaci\u00f3n y mantenimiento del sistema el\u00e9ctrico y electr\u00f3nico del autom\u00f3vil.\" \/>\n<meta name=\"robots\" content=\"index, follow, max-snippet:-1, max-image-preview:large, max-video-preview:-1\" \/>\n<link rel=\"canonical\" href=\"https:\/\/talleresmelcar.com\/index.php\/electricidad\/\" \/>\n<meta property=\"og:locale\" content=\"es_ES\" \/>\n<meta property=\"og:type\" content=\"article\" \/>\n<meta property=\"og:title\" content=\"Taller de electricidad del autom\u00f3vil en Lardero\" \/>\n<meta property=\"og:description\" content=\"En Talleres Melcar 8A estamos especializados en la reparaci\u00f3n y mantenimiento del sistema el\u00e9ctrico y electr\u00f3nico del autom\u00f3vil.\" \/>\n<meta property=\"og:url\" content=\"https:\/\/talleresmelcar.com\/index.php\/electricidad\/\" \/>\n<meta property=\"og:site_name\" content=\"Talleres Melcar\" \/>\n<meta property=\"article:modified_time\" content=\"2024-10-11T12:06:52+00:00\" \/>\n<meta property=\"og:image\" content=\"https:\/\/talleresmelcar.com\/wp-content\/uploads\/2023\/09\/electricidad3.jpg\" \/>\n<meta name=\"twitter:card\" content=\"summary_large_image\" \/>\n<meta name=\"twitter:label1\" content=\"Tiempo de lectura\" \/>\n\t<meta name=\"twitter:data1\" content=\"2 minutos\" \/>\n<script type=\"application\/ld+json\" class=\"yoast-schema-graph\">{\"@context\":\"https:\/\/schema.org\",\"@graph\":[{\"@type\":\"WebPage\",\"@id\":\"https:\/\/talleresmelcar.com\/index.php\/electricidad\/\",\"url\":\"https:\/\/talleresmelcar.com\/index.php\/electricidad\/\",\"name\":\"Taller de electricidad del autom\u00f3vil en Lardero\",\"isPartOf\":{\"@id\":\"https:\/\/talleresmelcar.com\/#website\"},\"primaryImageOfPage\":{\"@id\":\"https:\/\/talleresmelcar.com\/index.php\/electricidad\/#primaryimage\"},\"image\":{\"@id\":\"https:\/\/talleresmelcar.com\/index.php\/electricidad\/#primaryimage\"},\"thumbnailUrl\":\"https:\/\/talleresmelcar.com\/wp-content\/uploads\/2023\/09\/electricidad3.jpg\",\"datePublished\":\"2023-09-05T12:04:12+00:00\",\"dateModified\":\"2024-10-11T12:06:52+00:00\",\"description\":\"En Talleres Melcar 8A estamos especializados en la reparaci\u00f3n y mantenimiento del sistema el\u00e9ctrico y electr\u00f3nico del autom\u00f3vil.\",\"breadcrumb\":{\"@id\":\"https:\/\/talleresmelcar.com\/index.php\/electricidad\/#breadcrumb\"},\"inLanguage\":\"es\",\"potentialAction\":[{\"@type\":\"ReadAction\",\"target\":[\"https:\/\/talleresmelcar.com\/index.php\/electricidad\/\"]}]},{\"@type\":\"ImageObject\",\"inLanguage\":\"es\",\"@id\":\"https:\/\/talleresmelcar.com\/index.php\/electricidad\/#primaryimage\",\"url\":\"https:\/\/talleresmelcar.com\/wp-content\/uploads\/2023\/09\/electricidad3.jpg\",\"contentUrl\":\"https:\/\/talleresmelcar.com\/wp-content\/uploads\/2023\/09\/electricidad3.jpg\",\"width\":1000,\"height\":750},{\"@type\":\"BreadcrumbList\",\"@id\":\"https:\/\/talleresmelcar.com\/index.php\/electricidad\/#breadcrumb\",\"itemListElement\":[{\"@type\":\"ListItem\",\"position\":1,\"name\":\"Portada\",\"item\":\"https:\/\/talleresmelcar.com\/\"},{\"@type\":\"ListItem\",\"position\":2,\"name\":\"Electricidad\"}]},{\"@type\":\"WebSite\",\"@id\":\"https:\/\/talleresmelcar.com\/#website\",\"url\":\"https:\/\/talleresmelcar.com\/\",\"name\":\"Talleres Melcar\",\"description\":\"\",\"publisher\":{\"@id\":\"https:\/\/talleresmelcar.com\/#organization\"},\"potentialAction\":[{\"@type\":\"SearchAction\",\"target\":{\"@type\":\"EntryPoint\",\"urlTemplate\":\"https:\/\/talleresmelcar.com\/?s={search_term_string}\"},\"query-input\":{\"@type\":\"PropertyValueSpecification\",\"valueRequired\":true,\"valueName\":\"search_term_string\"}}],\"inLanguage\":\"es\"},{\"@type\":\"Organization\",\"@id\":\"https:\/\/talleresmelcar.com\/#organization\",\"name\":\"Talleres Melcar\",\"url\":\"https:\/\/talleresmelcar.com\/\",\"logo\":{\"@type\":\"ImageObject\",\"inLanguage\":\"es\",\"@id\":\"https:\/\/talleresmelcar.com\/#\/schema\/logo\/image\/\",\"url\":\"https:\/\/talleresmelcar.com\/wp-content\/uploads\/2023\/09\/cropped-logo.png\",\"contentUrl\":\"https:\/\/talleresmelcar.com\/wp-content\/uploads\/2023\/09\/cropped-logo.png\",\"width\":618,\"height\":250,\"caption\":\"Talleres Melcar\"},\"image\":{\"@id\":\"https:\/\/talleresmelcar.com\/#\/schema\/logo\/image\/\"}}]}<\/script>\n<!-- \/ Yoast SEO plugin. -->","yoast_head_json":{"title":"Taller de electricidad del autom\u00f3vil en Lardero","description":"En Talleres Melcar 8A estamos especializados en la reparaci\u00f3n y mantenimiento del sistema el\u00e9ctrico y electr\u00f3nico del autom\u00f3vil.","robots":{"index":"index","follow":"follow","max-snippet":"max-snippet:-1","max-image-preview":"max-image-preview:large","max-video-preview":"max-video-preview:-1"},"canonical":"https:\/\/talleresmelcar.com\/index.php\/electricidad\/","og_locale":"es_ES","og_type":"article","og_title":"Taller de electricidad del autom\u00f3vil en Lardero","og_description":"En Talleres Melcar 8A estamos especializados en la reparaci\u00f3n y mantenimiento del sistema el\u00e9ctrico y electr\u00f3nico del autom\u00f3vil.","og_url":"https:\/\/talleresmelcar.com\/index.php\/electricidad\/","og_site_name":"Talleres Melcar","article_modified_time":"2024-10-11T12:06:52+00:00","og_image":[{"url":"https:\/\/talleresmelcar.com\/wp-content\/uploads\/2023\/09\/electricidad3.jpg","type":"","width":"","height":""}],"twitter_card":"summary_large_image","twitter_misc":{"Tiempo de lectura":"2 minutos"},"schema":{"@context":"https:\/\/schema.org","@graph":[{"@type":"WebPage","@id":"https:\/\/talleresmelcar.com\/index.php\/electricidad\/","url":"https:\/\/talleresmelcar.com\/index.php\/electricidad\/","name":"Taller de electricidad del autom\u00f3vil en Lardero","isPartOf":{"@id":"https:\/\/talleresmelcar.com\/#website"},"primaryImageOfPage":{"@id":"https:\/\/talleresmelcar.com\/index.php\/electricidad\/#primaryimage"},"image":{"@id":"https:\/\/talleresmelcar.com\/index.php\/electricidad\/#primaryimage"},"thumbnailUrl":"https:\/\/talleresmelcar.com\/wp-content\/uploads\/2023\/09\/electricidad3.jpg","datePublished":"2023-09-05T12:04:12+00:00","dateModified":"2024-10-11T12:06:52+00:00","description":"En Talleres Melcar 8A estamos especializados en la reparaci\u00f3n y mantenimiento del sistema el\u00e9ctrico y electr\u00f3nico del autom\u00f3vil.","breadcrumb":{"@id":"https:\/\/talleresmelcar.com\/index.php\/electricidad\/#breadcrumb"},"inLanguage":"es","potentialAction":[{"@type":"ReadAction","target":["https:\/\/talleresmelcar.com\/index.php\/electricidad\/"]}]},{"@type":"ImageObject","inLanguage":"es","@id":"https:\/\/talleresmelcar.com\/index.php\/electricidad\/#primaryimage","url":"https:\/\/talleresmelcar.com\/wp-content\/uploads\/2023\/09\/electricidad3.jpg","contentUrl":"https:\/\/talleresmelcar.com\/wp-content\/uploads\/2023\/09\/electricidad3.jpg","width":1000,"height":750},{"@type":"BreadcrumbList","@id":"https:\/\/talleresmelcar.com\/index.php\/electricidad\/#breadcrumb","itemListElement":[{"@type":"ListItem","position":1,"name":"Portada","item":"https:\/\/talleresmelcar.com\/"},{"@type":"ListItem","position":2,"name":"Electricidad"}]},{"@type":"WebSite","@id":"https:\/\/talleresmelcar.com\/#website","url":"https:\/\/talleresmelcar.com\/","name":"Talleres Melcar","description":"","publisher":{"@id":"https:\/\/talleresmelcar.com\/#organization"},"potentialAction":[{"@type":"SearchAction","target":{"@type":"EntryPoint","urlTemplate":"https:\/\/talleresmelcar.com\/?s={search_term_string}"},"query-input":{"@type":"PropertyValueSpecification","valueRequired":true,"valueName":"search_term_string"}}],"inLanguage":"es"},{"@type":"Organization","@id":"https:\/\/talleresmelcar.com\/#organization","name":"Talleres Melcar","url":"https:\/\/talleresmelcar.com\/","logo":{"@type":"ImageObject","inLanguage":"es","@id":"https:\/\/talleresmelcar.com\/#\/schema\/logo\/image\/","url":"https:\/\/talleresmelcar.com\/wp-content\/uploads\/2023\/09\/cropped-logo.png","contentUrl":"https:\/\/talleresmelcar.com\/wp-content\/uploads\/2023\/09\/cropped-logo.png","width":618,"height":250,"caption":"Talleres Melcar"},"image":{"@id":"https:\/\/talleresmelcar.com\/#\/schema\/logo\/image\/"}}]}},"_links":{"self":[{"href":"https:\/\/talleresmelcar.com\/index.php\/wp-json\/wp\/v2\/pages\/47","targetHints":{"allow":["GET"]}}],"collection":[{"href":"https:\/\/talleresmelcar.com\/index.php\/wp-json\/wp\/v2\/pages"}],"about":[{"href":"https:\/\/talleresmelcar.com\/index.php\/wp-json\/wp\/v2\/types\/page"}],"author":[{"embeddable":true,"href":"https:\/\/talleresmelcar.com\/index.php\/wp-json\/wp\/v2\/users\/1"}],"replies":[{"embeddable":true,"href":"https:\/\/talleresmelcar.com\/index.php\/wp-json\/wp\/v2\/comments?post=47"}],"version-history":[{"count":11,"href":"https:\/\/talleresmelcar.com\/index.php\/wp-json\/wp\/v2\/pages\/47\/revisions"}],"predecessor-version":[{"id":291,"href":"https:\/\/talleresmelcar.com\/index.php\/wp-json\/wp\/v2\/pages\/47\/revisions\/291"}],"wp:attachment":[{"href":"https:\/\/talleresmelcar.com\/index.php\/wp-json\/wp\/v2\/media?parent=47"}],"curies":[{"name":"wp","href":"https:\/\/api.w.org\/{rel}","templated":true}]}}